{"id":1005,"date":"2026-03-31T16:44:18","date_gmt":"2026-03-31T16:44:18","guid":{"rendered":"https:\/\/events.sushi7.ee\/home\/"},"modified":"2026-03-31T17:24:01","modified_gmt":"2026-03-31T17:24:01","slug":"home","status":"publish","type":"page","link":"https:\/\/events.sushi7.ee\/ru\/","title":{"rendered":"\u041c\u0435\u0440\u043e\u043f\u0440\u0438\u044f\u0442\u0438\u044f \u0432 Sushi7"},"content":{"rendered":"","protected":false},"excerpt":{"rendered":"","protected":false},"author":1,"featured_media":0,"parent":0,"menu_order":0,"comment_status":"closed","ping_status":"closed","template":"","meta":{"inline_featured_image":false,"footnotes":""},"class_list":["post-1005","page","type-page","status-publish","hentry"],"acf":[],"yoast_head":"<!-- This site is optimized with the Yoast SEO Premium plugin v25.7.1 (Yoast SEO v26.8) - https:\/\/yoast.com\/product\/yoast-seo-premium-wordpress\/ -->\n<title>\u041c\u0435\u0440\u043e\u043f\u0440\u0438\u044f\u0442\u0438\u044f \u0432 Sushi7<\/title>\n<meta name=\"description\" content=\"\u0414\u043d\u0438 \u0440\u043e\u0436\u0434\u0435\u043d\u0438\u044f, \u043a\u043e\u0440\u043f\u043e\u0440\u0430\u0442\u0438\u0432\u044b, \u043c\u0430\u0441\u0442\u0435\u0440-\u043a\u043b\u0430\u0441\u0441\u044b, VIP-\u043a\u043e\u043c\u043d\u0430\u0442\u0430 \u0438 \u043f\u0440\u0430\u0437\u0434\u043d\u0438\u043a\u0438 \u0432 \u0422\u0430\u043b\u043b\u0438\u043d\u043d\u0435 \ud83c\udf89\ud83c\udf63\" \/>\n<meta name=\"robots\" content=\"index, follow, max-snippet:-1, max-image-preview:large, max-video-preview:-1\" \/>\n<link rel=\"canonical\" href=\"https:\/\/events.sushi7.ee\/ru\/\" \/>\n<meta property=\"og:locale\" content=\"ru_RU\" \/>\n<meta property=\"og:type\" content=\"article\" \/>\n<meta property=\"og:title\" content=\"\u041c\u0435\u0440\u043e\u043f\u0440\u0438\u044f\u0442\u0438\u044f \u0432 Sushi7\" \/>\n<meta property=\"og:description\" content=\"\u0414\u043d\u0438 \u0440\u043e\u0436\u0434\u0435\u043d\u0438\u044f, \u043a\u043e\u0440\u043f\u043e\u0440\u0430\u0442\u0438\u0432\u044b, \u043c\u0430\u0441\u0442\u0435\u0440-\u043a\u043b\u0430\u0441\u0441\u044b, VIP-\u043a\u043e\u043c\u043d\u0430\u0442\u0430 \u0438 \u043f\u0440\u0430\u0437\u0434\u043d\u0438\u043a\u0438 \u0432 \u0422\u0430\u043b\u043b\u0438\u043d\u043d\u0435\ud83c\udf89\ud83c\udf63\" \/>\n<meta property=\"og:url\" content=\"https:\/\/events.sushi7.ee\/ru\/\" \/>\n<meta property=\"og:site_name\" content=\"Padelceo\" \/>\n<meta property=\"article:publisher\" content=\"https:\/\/www.facebook.com\/Sushi7.ee\/\" \/>\n<meta property=\"article:modified_time\" content=\"2026-03-31T17:24:01+00:00\" \/>\n<meta property=\"og:image\" content=\"https:\/\/events.sushi7.ee\/wp-content\/uploads\/2026\/03\/788_442-1-2-1024x574-1.png\" \/>\n\t<meta property=\"og:image:width\" content=\"1024\" \/>\n\t<meta property=\"og:image:height\" content=\"574\" \/>\n\t<meta property=\"og:image:type\" content=\"image\/png\" \/>\n<meta name=\"twitter:card\" content=\"summary_large_image\" \/>\n<meta name=\"twitter:title\" content=\"\u041c\u0435\u0440\u043e\u043f\u0440\u0438\u044f\u0442\u0438\u044f \u0432 Sushi7\" \/>\n<script type=\"application\/ld+json\" class=\"yoast-schema-graph\">{\"@context\":\"https:\/\/schema.org\",\"@graph\":[{\"@type\":\"WebPage\",\"@id\":\"https:\/\/events.sushi7.ee\/ru\/\",\"url\":\"https:\/\/events.sushi7.ee\/ru\/\",\"name\":\"\u041c\u0435\u0440\u043e\u043f\u0440\u0438\u044f\u0442\u0438\u044f \u0432 Sushi7\",\"isPartOf\":{\"@id\":\"https:\/\/events.sushi7.ee\/#website\"},\"datePublished\":\"2026-03-31T16:44:18+00:00\",\"dateModified\":\"2026-03-31T17:24:01+00:00\",\"description\":\"\u0414\u043d\u0438 \u0440\u043e\u0436\u0434\u0435\u043d\u0438\u044f, \u043a\u043e\u0440\u043f\u043e\u0440\u0430\u0442\u0438\u0432\u044b, \u043c\u0430\u0441\u0442\u0435\u0440-\u043a\u043b\u0430\u0441\u0441\u044b, VIP-\u043a\u043e\u043c\u043d\u0430\u0442\u0430 \u0438 \u043f\u0440\u0430\u0437\u0434\u043d\u0438\u043a\u0438 \u0432 \u0422\u0430\u043b\u043b\u0438\u043d\u043d\u0435 \ud83c\udf89\ud83c\udf63\",\"breadcrumb\":{\"@id\":\"https:\/\/events.sushi7.ee\/ru\/#breadcrumb\"},\"inLanguage\":\"ru-RU\",\"potentialAction\":[{\"@type\":\"ReadAction\",\"target\":[\"https:\/\/events.sushi7.ee\/ru\/\"]}]},{\"@type\":\"BreadcrumbList\",\"@id\":\"https:\/\/events.sushi7.ee\/ru\/#breadcrumb\",\"itemListElement\":[{\"@type\":\"ListItem\",\"position\":1,\"name\":\"\u0413\u043b\u0430\u0432\u043d\u0430\u044f \u0441\u0442\u0440\u0430\u043d\u0438\u0446\u0430\",\"item\":\"https:\/\/events.sushi7.ee\/ru\/\"},{\"@type\":\"ListItem\",\"position\":2,\"name\":\"\u041c\u0435\u0440\u043e\u043f\u0440\u0438\u044f\u0442\u0438\u044f \u0432 Sushi7\"}]},{\"@type\":\"WebSite\",\"@id\":\"https:\/\/events.sushi7.ee\/#website\",\"url\":\"https:\/\/events.sushi7.ee\/\",\"name\":\"\u00dcritused Sushi7-s\",\"description\":\"S\u00fcnnip\u00e4evad, firma\u00fcritused, meistriklassid, VIP-ruum ja peod Tallinnas \ud83c\udf89\ud83c\udf63\",\"publisher\":{\"@id\":\"https:\/\/events.sushi7.ee\/#organization\"},\"potentialAction\":[{\"@type\":\"SearchAction\",\"target\":{\"@type\":\"EntryPoint\",\"urlTemplate\":\"https:\/\/events.sushi7.ee\/?s={search_term_string}\"},\"query-input\":{\"@type\":\"PropertyValueSpecification\",\"valueRequired\":true,\"valueName\":\"search_term_string\"}}],\"inLanguage\":\"ru-RU\"},{\"@type\":\"Organization\",\"@id\":\"https:\/\/events.sushi7.ee\/#organization\",\"name\":\"Sushi7\",\"url\":\"https:\/\/events.sushi7.ee\/\",\"logo\":{\"@type\":\"ImageObject\",\"inLanguage\":\"ru-RU\",\"@id\":\"https:\/\/events.sushi7.ee\/#\/schema\/logo\/image\/\",\"url\":\"https:\/\/events.sushi7.ee\/wp-content\/uploads\/2025\/12\/fav.png\",\"contentUrl\":\"https:\/\/events.sushi7.ee\/wp-content\/uploads\/2025\/12\/fav.png\",\"width\":200,\"height\":200,\"caption\":\"Sushi7\"},\"image\":{\"@id\":\"https:\/\/events.sushi7.ee\/#\/schema\/logo\/image\/\"},\"sameAs\":[\"https:\/\/www.facebook.com\/Sushi7.ee\/\"],\"description\":\"Sushi Tallinnas vaid 7 \u20ac \u2013 maitsev ja taskukohane. Telli koju v\u00f5i naudi kohapeal. Catering, l\u00f5unad ja \u00fcritused ootavad sind Sushi7-s!\",\"email\":\"sushi7.ee@gmail.com\",\"telephone\":\"+372 5677 7720\",\"legalName\":\"Sushi7\"}]}<\/script>\n<!-- \/ Yoast SEO Premium plugin. -->","yoast_head_json":{"title":"\u041c\u0435\u0440\u043e\u043f\u0440\u0438\u044f\u0442\u0438\u044f \u0432 Sushi7","description":"\u0414\u043d\u0438 \u0440\u043e\u0436\u0434\u0435\u043d\u0438\u044f, \u043a\u043e\u0440\u043f\u043e\u0440\u0430\u0442\u0438\u0432\u044b, \u043c\u0430\u0441\u0442\u0435\u0440-\u043a\u043b\u0430\u0441\u0441\u044b, VIP-\u043a\u043e\u043c\u043d\u0430\u0442\u0430 \u0438 \u043f\u0440\u0430\u0437\u0434\u043d\u0438\u043a\u0438 \u0432 \u0422\u0430\u043b\u043b\u0438\u043d\u043d\u0435 \ud83c\udf89\ud83c\udf63","robots":{"index":"index","follow":"follow","max-snippet":"max-snippet:-1","max-image-preview":"max-image-preview:large","max-video-preview":"max-video-preview:-1"},"canonical":"https:\/\/events.sushi7.ee\/ru\/","og_locale":"ru_RU","og_type":"article","og_title":"\u041c\u0435\u0440\u043e\u043f\u0440\u0438\u044f\u0442\u0438\u044f \u0432 Sushi7","og_description":"\u0414\u043d\u0438 \u0440\u043e\u0436\u0434\u0435\u043d\u0438\u044f, \u043a\u043e\u0440\u043f\u043e\u0440\u0430\u0442\u0438\u0432\u044b, \u043c\u0430\u0441\u0442\u0435\u0440-\u043a\u043b\u0430\u0441\u0441\u044b, VIP-\u043a\u043e\u043c\u043d\u0430\u0442\u0430 \u0438 \u043f\u0440\u0430\u0437\u0434\u043d\u0438\u043a\u0438 \u0432 \u0422\u0430\u043b\u043b\u0438\u043d\u043d\u0435\ud83c\udf89\ud83c\udf63","og_url":"https:\/\/events.sushi7.ee\/ru\/","og_site_name":"Padelceo","article_publisher":"https:\/\/www.facebook.com\/Sushi7.ee\/","article_modified_time":"2026-03-31T17:24:01+00:00","og_image":[{"width":1024,"height":574,"url":"https:\/\/events.sushi7.ee\/wp-content\/uploads\/2026\/03\/788_442-1-2-1024x574-1.png","type":"image\/png"}],"twitter_card":"summary_large_image","twitter_title":"\u041c\u0435\u0440\u043e\u043f\u0440\u0438\u044f\u0442\u0438\u044f \u0432 Sushi7","schema":{"@context":"https:\/\/schema.org","@graph":[{"@type":"WebPage","@id":"https:\/\/events.sushi7.ee\/ru\/","url":"https:\/\/events.sushi7.ee\/ru\/","name":"\u041c\u0435\u0440\u043e\u043f\u0440\u0438\u044f\u0442\u0438\u044f \u0432 Sushi7","isPartOf":{"@id":"https:\/\/events.sushi7.ee\/#website"},"datePublished":"2026-03-31T16:44:18+00:00","dateModified":"2026-03-31T17:24:01+00:00","description":"\u0414\u043d\u0438 \u0440\u043e\u0436\u0434\u0435\u043d\u0438\u044f, \u043a\u043e\u0440\u043f\u043e\u0440\u0430\u0442\u0438\u0432\u044b, \u043c\u0430\u0441\u0442\u0435\u0440-\u043a\u043b\u0430\u0441\u0441\u044b, VIP-\u043a\u043e\u043c\u043d\u0430\u0442\u0430 \u0438 \u043f\u0440\u0430\u0437\u0434\u043d\u0438\u043a\u0438 \u0432 \u0422\u0430\u043b\u043b\u0438\u043d\u043d\u0435 \ud83c\udf89\ud83c\udf63","breadcrumb":{"@id":"https:\/\/events.sushi7.ee\/ru\/#breadcrumb"},"inLanguage":"ru-RU","potentialAction":[{"@type":"ReadAction","target":["https:\/\/events.sushi7.ee\/ru\/"]}]},{"@type":"BreadcrumbList","@id":"https:\/\/events.sushi7.ee\/ru\/#breadcrumb","itemListElement":[{"@type":"ListItem","position":1,"name":"\u0413\u043b\u0430\u0432\u043d\u0430\u044f \u0441\u0442\u0440\u0430\u043d\u0438\u0446\u0430","item":"https:\/\/events.sushi7.ee\/ru\/"},{"@type":"ListItem","position":2,"name":"\u041c\u0435\u0440\u043e\u043f\u0440\u0438\u044f\u0442\u0438\u044f \u0432 Sushi7"}]},{"@type":"WebSite","@id":"https:\/\/events.sushi7.ee\/#website","url":"https:\/\/events.sushi7.ee\/","name":"\u00dcritused Sushi7-s","description":"S\u00fcnnip\u00e4evad, firma\u00fcritused, meistriklassid, VIP-ruum ja peod Tallinnas \ud83c\udf89\ud83c\udf63","publisher":{"@id":"https:\/\/events.sushi7.ee\/#organization"},"potentialAction":[{"@type":"SearchAction","target":{"@type":"EntryPoint","urlTemplate":"https:\/\/events.sushi7.ee\/?s={search_term_string}"},"query-input":{"@type":"PropertyValueSpecification","valueRequired":true,"valueName":"search_term_string"}}],"inLanguage":"ru-RU"},{"@type":"Organization","@id":"https:\/\/events.sushi7.ee\/#organization","name":"Sushi7","url":"https:\/\/events.sushi7.ee\/","logo":{"@type":"ImageObject","inLanguage":"ru-RU","@id":"https:\/\/events.sushi7.ee\/#\/schema\/logo\/image\/","url":"https:\/\/events.sushi7.ee\/wp-content\/uploads\/2025\/12\/fav.png","contentUrl":"https:\/\/events.sushi7.ee\/wp-content\/uploads\/2025\/12\/fav.png","width":200,"height":200,"caption":"Sushi7"},"image":{"@id":"https:\/\/events.sushi7.ee\/#\/schema\/logo\/image\/"},"sameAs":["https:\/\/www.facebook.com\/Sushi7.ee\/"],"description":"Sushi Tallinnas vaid 7 \u20ac \u2013 maitsev ja taskukohane. Telli koju v\u00f5i naudi kohapeal. Catering, l\u00f5unad ja \u00fcritused ootavad sind Sushi7-s!","email":"sushi7.ee@gmail.com","telephone":"+372 5677 7720","legalName":"Sushi7"}]}},"_links":{"self":[{"href":"https:\/\/events.sushi7.ee\/ru\/wp-json\/wp\/v2\/pages\/1005","targetHints":{"allow":["GET"]}}],"collection":[{"href":"https:\/\/events.sushi7.ee\/ru\/wp-json\/wp\/v2\/pages"}],"about":[{"href":"https:\/\/events.sushi7.ee\/ru\/wp-json\/wp\/v2\/types\/page"}],"author":[{"embeddable":true,"href":"https:\/\/events.sushi7.ee\/ru\/wp-json\/wp\/v2\/users\/1"}],"replies":[{"embeddable":true,"href":"https:\/\/events.sushi7.ee\/ru\/wp-json\/wp\/v2\/comments?post=1005"}],"version-history":[{"count":2,"href":"https:\/\/events.sushi7.ee\/ru\/wp-json\/wp\/v2\/pages\/1005\/revisions"}],"predecessor-version":[{"id":1012,"href":"https:\/\/events.sushi7.ee\/ru\/wp-json\/wp\/v2\/pages\/1005\/revisions\/1012"}],"wp:attachment":[{"href":"https:\/\/events.sushi7.ee\/ru\/wp-json\/wp\/v2\/media?parent=1005"}],"curies":[{"name":"wp","href":"https:\/\/api.w.org\/{rel}","templated":true}]}}